{"id":4561,"date":"2023-10-03T09:00:09","date_gmt":"2023-10-03T13:00:09","guid":{"rendered":"https:\/\/goseeyou.app\/privacy-statement-ca\/"},"modified":"2023-10-03T09:00:09","modified_gmt":"2023-10-03T13:00:09","slug":"privacy-statement-ca","status":"publish","type":"page","link":"https:\/\/goseeyou.app\/en\/privacy-statement-ca\/","title":{"rendered":"Privacy statement (CA)"},"content":{"rendered":"<p><div class=\"fusion-fullwidth fullwidth-box fusion-builder-row-1 fusion-flex-container has-pattern-background has-mask-background nonhundred-percent-fullwidth non-hundred-percent-height-scrolling\" style=\"--awb-border-radius-top-left:0px;--awb-border-radius-top-right:0px;--awb-border-radius-bottom-right:0px;--awb-border-radius-bottom-left:0px;--awb-padding-top:70px;--awb-padding-bottom:20px;--awb-flex-wrap:wrap;\" ><div class=\"fusion-builder-row fusion-row fusion-flex-align-items-flex-start fusion-flex-content-wrap\" style=\"max-width:1352px;margin-left: calc(-4% \/ 2 );margin-right: calc(-4% \/ 2 );\"><div class=\"fusion-layout-column fusion_builder_column fusion-builder-column-0 fusion_builder_column_1_1 1_1 fusion-flex-column\" style=\"--awb-bg-size:cover;--awb-width-large:100%;--awb-margin-top-large:0px;--awb-spacing-right-large:1.92%;--awb-margin-bottom-large:20px;--awb-spacing-left-large:1.92%;--awb-width-medium:100%;--awb-order-medium:0;--awb-spacing-right-medium:1.92%;--awb-spacing-left-medium:1.92%;--awb-width-small:100%;--awb-order-small:0;--awb-spacing-right-small:1.92%;--awb-spacing-left-small:1.92%;\"><div class=\"fusion-column-wrapper fusion-column-has-shadow fusion-flex-justify-content-flex-start fusion-content-layout-column\"><div class=\"fusion-title title fusion-title-1 fusion-sep-none fusion-title-center fusion-title-text fusion-title-size-one\" style=\"--awb-font-size:32px;\"><h1 class=\"fusion-title-heading title-heading-center\" style=\"margin:0;font-size:1em;\">Privacy statement (CA)<\/h1><\/div><\/div><\/div><\/div><\/div><div class=\"fusion-fullwidth fullwidth-box fusion-builder-row-2 fusion-flex-container has-pattern-background has-mask-background nonhundred-percent-fullwidth non-hundred-percent-height-scrolling\" style=\"--awb-border-radius-top-left:0px;--awb-border-radius-top-right:0px;--awb-border-radius-bottom-right:0px;--awb-border-radius-bottom-left:0px;--awb-padding-bottom:70px;--awb-flex-wrap:wrap;\" ><div class=\"fusion-builder-row fusion-row fusion-flex-align-items-center fusion-flex-justify-content-center fusion-flex-content-wrap\" style=\"max-width:1352px;margin-left: calc(-4% \/ 2 );margin-right: calc(-4% \/ 2 );\"><div class=\"fusion-layout-column fusion_builder_column fusion-builder-column-1 fusion_builder_column_2_3 2_3 fusion-flex-column\" style=\"--awb-bg-size:cover;--awb-width-large:66.666666666667%;--awb-margin-top-large:0px;--awb-spacing-right-large:2.88%;--awb-margin-bottom-large:0px;--awb-spacing-left-large:2.88%;--awb-width-medium:100%;--awb-spacing-right-medium:1.92%;--awb-spacing-left-medium:1.92%;--awb-width-small:100%;--awb-spacing-right-small:1.92%;--awb-spacing-left-small:1.92%;\"><div class=\"fusion-column-wrapper fusion-flex-justify-content-flex-start fusion-content-layout-column\"><div class=\"fusion-text fusion-text-1\">\n<!-- Legal document generated by Complianz | GDPR\/CCPA Cookie Consent https:\/\/wordpress.org\/plugins\/complianz-gdpr -->\n<div id=\"cmplz-document\" class=\"cmplz-document privacy-statement cmplz-document-ca\"><p><i>This privacy statement was last changed on 3 December 2023, last checked on 3 December 2023, and applies to citizens and legal permanent residents of Canada.<\/i><br \/><br \/><\/p><p>In this privacy statement, we explain what we do with the data we obtain about you via <a href=\"https:\/\/goseeyou.app\/en\/\">https:\/\/goseeyou.app\/en\/<\/a>. We recommend you carefully read this statement. In our processing we comply with the requirements of privacy legislation. That means, among other things, that:<ul>\n                <li>we clearly state the purposes for which we process personal data. We do this by means of this privacy statement;<\/li>\n                <li>we aim to limit our collection of personal data to only the personal data required for legitimate purposes;<\/li>\n                <li>we first request your explicit consent to process your personal data in cases requiring your consent;<\/li>\n                <li>we take appropriate security measures to protect your personal data and also require this from parties that process personal data on our behalf;<\/li>\n                <li>we respect your right to access your personal data or have it corrected or deleted, at your request.<\/li>\n            <\/ul><\/p>If you have any questions, or want to know exactly what data we keep of you, please contact us.<h2>1. Purpose and categories of data<\/h2><p>We may collect or receive personal information for a number of purposes connected with our business operations which may include the following: (click to expand)<\/b><\/p><details class=\"cmplz-dropdown dropdown-privacy-statement\"><summary><div><h3>1.1 Contact - Through phone, mail, email and\/or webforms<\/h3><\/div><\/summary><p class=\"cmplz-subtitle\">The following categories of data are collected<\/p><p><ul><li>A first and last name<\/li><li>An email address<\/li><li>A telephone number<\/li><\/ul><\/p><p class=\"cmplz-subtitle\">Retention period<\/p><p>We retain this data until the service is terminated.<\/p><\/details><details class=\"cmplz-dropdown dropdown-privacy-statement\"><summary><div><h3>1.2 Newsletters<\/h3><\/div><\/summary><p class=\"cmplz-subtitle\">The following categories of data are collected<\/p><p><ul><li>A first and last name<\/li><li>An email address<\/li><\/ul><\/p><p class=\"cmplz-subtitle\">Retention period<\/p><p>We retain this data until the service is terminated.<\/p><\/details><h2>2. Disclosure practices<\/h2><p><p>We disclose personal information if we are required by law or by a court order, in response to a law enforcement agency, to the extent permitted under other provisions of law, to provide information, or for an investigation on a matter related to public safety.<\/p><p>If our website or organisation is taken over, sold, or involved in a merger or acquisition, your details may be disclosed to our advisers and any prospective purchasers and will be passed on to the new owners.<\/p><\/p><h2>3. How we respond to Do Not Track signals &amp; Global Privacy Control <\/h2><p>Our website responds to and supports the Do Not Track (DNT) header request field. If you turn DNT on in your browser, those preferences are communicated to us in the HTTP request header, and we will not track your browsing behavior.<\/p><h2>4. Cookies<\/h2><p>Our website uses cookies. For more information about cookies, please refer to our Cookie Policy on our <a href=\"https:\/\/goseeyou.app\/en\/cookie-policy-ca\/\">Cookie policy (CA)<\/a> webpage.&nbsp;<\/p><p>The inclusion of full IP addresses is blocked by us.<\/p><h2>5. Security<\/h2><p>We are committed to the security of personal data. We take appropriate security measures to limit abuse of and unauthorized access to personal data. This ensures that only the necessary persons have access to your data, that access to the data is protected, and that our security measures are regularly reviewed.<\/p><h2>6. Third party websites<\/h2><p>This privacy statement does not apply to third party websites connected by links on our website. We cannot guarantee that these third parties handle your personal data in a reliable or secure manner. We recommend you read the privacy statements of these websites prior to making use of these websites.<\/p><h2>7. Amendments to this privacy statement<\/h2><p>We reserve the right to make amendments to this privacy statement. It is recommended that you consult this privacy statement regularly in order to be aware of any changes. In addition, we will actively inform you wherever possible.<\/p><h2>8. Accessing and modifying your data<\/h2><p>If you have any questions or want to know which personal data we have about you, please contact us. Please make sure to always clearly state who you are, so that we can be certain that we do not modify or delete any data of the wrong person. We shall provide the requested information only upon receipt of a verifiable consumer request. You can contact us by using the information below.<\/p><p class=\"cmplz-subtitle\">8.1 You have the following rights with respect to your personal data<\/p><ol class=\"alphabetic\">\n                        <li>You may submit a request for access to the data we process about you.<\/li>\n                        <li>You may request an overview, in a commonly used format, of the data we process about you.<\/li>\n                        <li>You may request correction or deletion of the data if it is incorrect or not or no longer relevant. Where appropriate, the amended information shall be transmitted to third parties having access to the information in question.<\/li>\n                        <li>You have the right to withdraw consent at any time, subject to legal or contractual restrictions and reasonable notice. You will be informed of the implications of such withdrawal.<\/li>\n                        <li>You have the right to address a challenge concerning non-compliance with PIPEDA to our organization and, if the issue is not resolved, to the Office of the Privacy Commissioner of Canada.<\/li>\n                        <li>We shall give access to personal information in an alternative format to an individual with a sensory disability who has a right of access to personal information under PIPEDA and who requests that it be transmitted in the alternative format if (a) a version of the information already exists in that format; or (b) its conversion into that format is reasonable and necessary in order for the individual to be able to exercise rights.<\/li>\n                      <\/ol><h2>9. Children<\/h2><p>Our website is not designed to attract children and it is not our intent to collect personal data from children under the age of consent in their country of residence. We therefore request that children under the age of consent do not submit any personal data to us.<\/p><h2>10. Contact details<\/h2><p>Univers de la rencontre GoSeeYou - 9475-4215 Qu\u00e9bec inc.<br \/>\n        306-7070 boul. Guillaume-Couture<br \/>\r\nL\u00e9vis (Qu\u00e9bec) G6V0R9<br \/>\r\nCanada<br \/>\n        Canada<br \/>\n        Website: <a href=\"https:\/\/goseeyou.app\/en\/\">https:\/\/goseeyou.app\/en\/<\/a> <br \/>\n        Email: &#109;e&#108;&#097;nie&#064;go&#115;&#101;&#101;y&#111;&#117;&#046;c&#111;m <br \/>\n        <br \/>\n        Phone number: 1 866 467-3396<\/p><h2>11. Data Requests<\/h2><p>For the most frequently submitted requests, we also offer you the possibility to use our data request form<br \/>\t\t\t<div class=\"cmplz-datarequest cmplz-alert\">\n\t\t\t\t<span class=\"cmplz-close\">&times;<\/span>\n\t\t\t\t<span id=\"cmplz-message\"><\/span>\n\t\t\t<\/div>\n\t\t\t<form id=\"cmplz-datarequest-form\">\n\t\t\t\t<input type=\"hidden\" required value=\"ca\" name=\"cmplz_datarequest_region\" id=\"cmplz_datarequest_region\">\n\n\t\t\t\t<label for=\"cmplz_datarequest_firstname\" class=\"cmplz-first-name\">Name\t\t\t\t\t<input type=\"search\" class=\"datarequest-firstname\" value=\"\" placeholder=\"your first name\" id=\"cmplz_datarequest_firstname\" name=\"cmplz_datarequest_firstname\">\n\t\t\t\t<\/label>\n\t\t\t\t<div>\n\t\t\t\t\t<label for=\"cmplz_datarequest_name\">Name<\/label>\n\t\t\t\t\t<input type=\"text\" required value=\"\" placeholder=\"Your name\" id=\"cmplz_datarequest_name\" name=\"cmplz_datarequest_name\">\n\t\t\t\t<\/div>\n\t\t\t\t<div>\n\t\t\t\t\t<label for=\"cmplz_datarequest_email\">Email<\/label>\n\t\t\t\t\t<input type=\"email\" required value=\"\" placeholder=\"email@email.com\" id=\"cmplz_datarequest_email\" name=\"cmplz_datarequest_email\">\n\t\t\t\t<\/div>\n\t\t\t\t\t\t\t\t\t\t<div class=\"cmplz_datarequest cmplz_datarequest_request_for_access\">\n\t\t\t\t\t\t\t<label for=\"cmplz_datarequest_request_for_access\">\n\t\t\t\t\t\t\t\t<input type=\"checkbox\" value=\"1\" name=\"cmplz_datarequest_request_for_access\" id=\"cmplz_datarequest_request_for_access\" \/>\n\t\t\t\t\t\t\t\tSubmit a request for access to the data we process about you.\t\t\t\t\t\t\t<\/label>\n\t\t\t\t\t\t<\/div>\n\t\t\t\t\t\t\t\t\t\t<div class=\"cmplz_datarequest cmplz_datarequest_right_to_be_forgotten\">\n\t\t\t\t\t\t\t<label for=\"cmplz_datarequest_right_to_be_forgotten\">\n\t\t\t\t\t\t\t\t<input type=\"checkbox\" value=\"1\" name=\"cmplz_datarequest_right_to_be_forgotten\" id=\"cmplz_datarequest_right_to_be_forgotten\" \/>\n\t\t\t\t\t\t\t\tSubmit a request for deletion of the data if it is no longer relevant.\t\t\t\t\t\t\t<\/label>\n\t\t\t\t\t\t<\/div>\n\t\t\t\t\t\t\t\t\t\t<div class=\"cmplz_datarequest cmplz_datarequest_right_to_data_portability\">\n\t\t\t\t\t\t\t<label for=\"cmplz_datarequest_right_to_data_portability\">\n\t\t\t\t\t\t\t\t<input type=\"checkbox\" value=\"1\" name=\"cmplz_datarequest_right_to_data_portability\" id=\"cmplz_datarequest_right_to_data_portability\" \/>\n\t\t\t\t\t\t\t\tSubmit a request to receive an export file of the data we process about you.\t\t\t\t\t\t\t<\/label>\n\t\t\t\t\t\t<\/div>\n\t\t\t\t\t\t\t\t<input type=\"button\" id=\"cmplz-datarequest-submit\" value=\"Send\">\n\t\t\t<\/form>\n\n\t\t\t<style>\n\t\t\t\t\/* first-name is honeypot *\/\n\t\t\t\t.cmplz-first-name {\n\t\t\t\t\tposition: absolute !important;\n\t\t\t\t\tleft: -5000px !important;\n\t\t\t\t}\n\t\t\t<\/style>\n\t\t\t<\/p><p>We have appointed a contact person for the organization\u2019s policies and practices and to whom complaints or inquiries can be forwarded:<br \/>M\u00e9lanie Trudel<br \/>306-7070 boul. Guillaume-Couture<br \/>\r\nL\u00e9vis (Qu\u00e9bec) G6V0R9<br \/>\r\nCanada<\/p><h2>Annex<\/h2><p><h3>WPML Media Translation<\/h3>\r\n<p>La Traduction de fichiers m\u00e9dias WPML enverra l'adresse e-mail et le nom de chaque gestionnaire et traducteur assign\u00e9 ainsi que le contenu m\u00eame \u00e0 l'\u00c9diteur de traduction avanc\u00e9 et aux services de traduction utilis\u00e9s.<\/p>\r\n<h3>WPML Translation Management<\/h3>\r\n<p>La Gestion de traduction WPML enverra l'adresse e-mail et le nom de chaque gestionnaire et traducteur assign\u00e9 ainsi que les contenus eux-m\u00eames \u00e0 l'\u00c9diteur de traduction avanc\u00e9 et aux services de traduction utilis\u00e9s.<\/p>\r\n<h3>WPML String Translation<\/h3>\r\n<p>La Traduction de cha\u00eene WPML enverra toutes les cha\u00eenes \u00e0 l'\u00c9diteur de traduction avanc\u00e9 de WPML et aux services de traduction utilis\u00e9s.<\/p>\r\n<h3>Statistiques Burst<\/h3>\r\n<p>Ce site web utilise les Statistiques Burst, un outil statistique respectueux de la confidentialit\u00e9, pour analyser le comportement des visiteurs. Pour cette fonctionnalit\u00e9, nous (ce site web) recueillons des donn\u00e9es anonymes, stock\u00e9es localement sans les partager avec d\u2019autres parties. Pour plus d\u2019informations, veuillez lire la <a href=\"https:\/\/burst-statistics.com\/legal\/privacy-statement\/\" target=\"_blank\"> D\u00e9claration de confidentialit\u00e9 <\/a> de Burst.<\/p>\r\n<h3>Complianz | La Suite de Confidentialit\u00e9 pour WordPress<\/h3>\r\n<p>Ce site web utilise la Suite de Confidentialit\u00e9 pour WordPress de Complianz pour collecter les enregistrements de consentement. Pour cette fonctionnalit\u00e9, votre adresse IP est rendue anonyme et stock\u00e9e dans notre base de donn\u00e9es. Pour plus d\u2019informations, consultez la <a href=\"https:\/\/complianz.io\/privacy-statement\/\" target=\"_blank\">D\u00e9claration de confidentialit\u00e9<\/a> de Complianz.<\/p>\r\n<h3>Akismet<\/h3>\r\n<p>Nous collectons des informations sur les visiteurs qui commentent les Sites utilisant notre service anti-spam Akismet. Les informations que nous collectons d\u00e9pendent de la configuration d'Akismet par l'utilisateur pour le Site, mais incluent g\u00e9n\u00e9ralement l'adresse IP du commentateur, son agent utilisateur, le r\u00e9f\u00e9rent, et l'URL du site (ainsi que d'autres informations fournies directement par le commentateur comme son nom, nom d'utilisateur, adresse e-mail et le commentaire lui-m\u00eame).<\/p>\r\n<h3>Slider Revolution<\/h3>\r\n<h2>Si vous utilisez les Google Web Fonts (par d\u00e9faut) ou que vous diffusez des vid\u00e9os ou des sons via YouTube ou Vimeo dans Slider Revolution, nous vous recommandons d'ajouter le texte correspondant \u00e0 votre politique de confidentialit\u00e9 :<\/h2>\r\n<h3>YouTube<\/h3>\r\n<p>Notre site utilise des plugins de YouTube, qui est exploit\u00e9 par Google. L'op\u00e9rateur des pages est YouTube LLC, 901 Cherry Ave., San Bruno, CA 94066, USA. Si vous visitez l'une de nos pages \u00e9quip\u00e9e d'un plugin YouTube, une connexion aux serveurs YouTube est \u00e9tablie. Le serveur YouTube est alors inform\u00e9 de la page que vous avez visit\u00e9e. Si vous \u00eates connect\u00e9 \u00e0 votre compte YouTube, YouTube peut associer votre comportement de navigation \u00e0 votre profil personnel. Vous pouvez \u00e9viter cela en vous d\u00e9connectant de votre compte YouTube. YouTube est utilis\u00e9 pour rendre notre site attrayant. Ceci constitue un int\u00e9r\u00eat l\u00e9gitime conform\u00e9ment \u00e0 l'Art. 6 (1) (f) DSGVO. Pour plus d'informations sur la gestion des donn\u00e9es utilisateur, consultez la d\u00e9claration de protection des donn\u00e9es de YouTube \u00e0 l'adresse <a href=\"https:\/\/www.google.de\/intl\/de\/policies\/privacy\" target=\"_blank\" rel=\"noopener\">https:\/\/www.google.de\/intl\/de\/policies\/privacy<\/a>.<\/p>\r\n<h3>Vimeo<\/h3>\r\n<p>Notre site web utilise des fonctionnalit\u00e9s fournies par le portail vid\u00e9o Vimeo. Ce service est fourni par Vimeo Inc., 555 West 18th Street, New York, New York 10011, USA. Si vous visitez l'une de nos pages \u00e9quip\u00e9e d'un plugin Vimeo, une connexion est \u00e9tablie avec les serveurs Vimeo. Le serveur Vimeo est alors inform\u00e9 de la page que vous avez visit\u00e9e. De plus, Vimeo recevra votre adresse IP. Cela s'applique m\u00eame si vous n'\u00eates pas connect\u00e9 \u00e0 Vimeo lorsque vous visitez notre plugin ou si vous n'avez pas de compte Vimeo. Les informations sont transmises \u00e0 un serveur Vimeo aux \u00c9tats-Unis, o\u00f9 elles sont stock\u00e9es. Si vous \u00eates connect\u00e9 \u00e0 votre compte Vimeo, Vimeo peut associer votre comportement de navigation \u00e0 votre profil personnel. Vous pouvez \u00e9viter cela en vous d\u00e9connectant de votre compte Vimeo. Pour plus d'informations sur la gestion des donn\u00e9es utilisateur, veuillez consulter la Politique de Confidentialit\u00e9 de Vimeo \u00e0 l'adresse <a href=\"https:\/\/vimeo.com\/privacy\" target=\"_blank\" rel=\"noopener\">https:\/\/vimeo.com\/privacy<\/a>.<\/p>\r\n<h3>Google Web Fonts<\/h3>\r\n<p>Pour une repr\u00e9sentation uniforme des polices, cette page utilise des web fonts fournies par Google. Lorsque vous ouvrez une page, votre navigateur charge les web fonts n\u00e9cessaires dans votre cache de navigateur pour afficher correctement les textes et les polices. \u00c0 cette fin, votre navigateur doit \u00e9tablir une connexion directe avec les serveurs de Google. Google est ainsi inform\u00e9 que notre page web a \u00e9t\u00e9 consult\u00e9e via votre adresse IP. L'utilisation de Google Web fonts est faite dans l'int\u00e9r\u00eat d'une pr\u00e9sentation uniforme et attrayante de notre plugin. Ceci constitue un int\u00e9r\u00eat l\u00e9gitime conform\u00e9ment \u00e0 l'Art. 6 (1) (f) DSGVO. Si votre navigateur ne prend pas en charge les web fonts, une police standard est utilis\u00e9e par votre ordinateur. Pour plus d'informations sur la gestion des donn\u00e9es utilisateur, veuillez consulter <a href=\"https:\/\/developers.google.com\/fonts\/faq\" target=\"_blank\" rel=\"noopener\">https:\/\/developers.google.com\/fonts\/faq<\/a> et la politique de confidentialit\u00e9 de Google \u00e0 <a href=\"https:\/\/www.google.com\/policies\/privacy\/\" target=\"_blank\" rel=\"noopener\">https:\/\/www.google.com\/policies\/privacy\/<\/a>.<\/p>\r\n<h3>SoundCloud<\/h3>\r\n<p>Sur nos pages, des plugins du r\u00e9seau social SoundCloud (SoundCloud Limited, Berners House, 47-48 Berners Street, Londres W1T 3NF, Royaume-Uni) peuvent \u00eatre int\u00e9gr\u00e9s. Les plugins SoundCloud peuvent \u00eatre reconnus par le logo SoundCloud sur notre site. Lorsque vous visitez notre site, une connexion directe entre votre navigateur et le serveur SoundCloud est \u00e9tablie via le plugin. Cela permet \u00e0 SoundCloud de recevoir des informations indiquant que vous avez visit\u00e9 notre site depuis votre adresse IP. Si vous cliquez sur les boutons \"J'aime\" ou \"Partager\" alors que vous \u00eates connect\u00e9 \u00e0 votre compte SoundCloud, vous pouvez lier le contenu de nos pages \u00e0 votre profil SoundCloud. Cela signifie que SoundCloud peut associer la visite de nos pages \u00e0 votre compte utilisateur. Nous tenons \u00e0 souligner que, en tant que fournisseur de ces pages, nous n'avons aucune connaissance du contenu des donn\u00e9es transmises ni de leur utilisation par SoundCloud. Pour plus d'informations sur la politique de confidentialit\u00e9 de SoundCloud, veuillez consulter https:\/\/soundcloud.com\/pages\/privacy.<\/p><p>Si vous ne souhaitez pas que SoundCloud associe votre visite sur notre site \u00e0 votre compte SoundCloud, veuillez vous d\u00e9connecter de votre compte SoundCloud.<\/p>\r\n<\/p><\/div>\n<\/div><\/div><\/div><\/div><\/div><\/p>\n","protected":false},"excerpt":{"rendered":"","protected":false},"author":1,"featured_media":0,"parent":0,"menu_order":0,"comment_status":"closed","ping_status":"closed","template":"","meta":{"footnotes":""},"yoast_head":"<!-- This site is optimized with the Yoast SEO plugin v23.5 - https:\/\/yoast.com\/wordpress\/plugins\/seo\/ -->\n<title>Privacy statement (CA) - GoSeeYou<\/title>\n<meta name=\"robots\" content=\"noindex, nofollow\" \/>\n<meta property=\"og:locale\" content=\"en_US\" \/>\n<meta property=\"og:type\" content=\"article\" \/>\n<meta property=\"og:title\" content=\"Privacy statement (CA) - GoSeeYou\" \/>\n<meta property=\"og:url\" content=\"https:\/\/goseeyou.app\/en\/privacy-statement-ca\/\" \/>\n<meta property=\"og:site_name\" content=\"GoSeeYou\" \/>\n<meta property=\"article:publisher\" content=\"https:\/\/www.facebook.com\/goseeyou\/\" \/>\n<meta name=\"twitter:card\" content=\"summary_large_image\" \/>\n<meta name=\"twitter:label1\" content=\"Est. reading time\" \/>\n\t<meta name=\"twitter:data1\" content=\"8 minutes\" \/>\n<script type=\"application\/ld+json\" class=\"yoast-schema-graph\">{\"@context\":\"https:\/\/schema.org\",\"@graph\":[{\"@type\":\"WebPage\",\"@id\":\"https:\/\/goseeyou.app\/en\/privacy-statement-ca\/\",\"url\":\"https:\/\/goseeyou.app\/en\/privacy-statement-ca\/\",\"name\":\"Privacy statement (CA) - GoSeeYou\",\"isPartOf\":{\"@id\":\"https:\/\/goseeyou.app\/en\/#website\"},\"datePublished\":\"2023-10-03T13:00:09+00:00\",\"dateModified\":\"2023-10-03T13:00:09+00:00\",\"breadcrumb\":{\"@id\":\"https:\/\/goseeyou.app\/en\/privacy-statement-ca\/#breadcrumb\"},\"inLanguage\":\"en-US\",\"potentialAction\":[{\"@type\":\"ReadAction\",\"target\":[\"https:\/\/goseeyou.app\/en\/privacy-statement-ca\/\"]}]},{\"@type\":\"BreadcrumbList\",\"@id\":\"https:\/\/goseeyou.app\/en\/privacy-statement-ca\/#breadcrumb\",\"itemListElement\":[{\"@type\":\"ListItem\",\"position\":1,\"name\":\"Accueil\",\"item\":\"https:\/\/goseeyou.app\/en\/\"},{\"@type\":\"ListItem\",\"position\":2,\"name\":\"Privacy statement (CA)\"}]},{\"@type\":\"WebSite\",\"@id\":\"https:\/\/goseeyou.app\/en\/#website\",\"url\":\"https:\/\/goseeyou.app\/en\/\",\"name\":\"GoSeeYou\",\"description\":\"The ultimate dating app to meet serious singles\",\"potentialAction\":[{\"@type\":\"SearchAction\",\"target\":{\"@type\":\"EntryPoint\",\"urlTemplate\":\"https:\/\/goseeyou.app\/en\/?s={search_term_string}\"},\"query-input\":{\"@type\":\"PropertyValueSpecification\",\"valueRequired\":true,\"valueName\":\"search_term_string\"}}],\"inLanguage\":\"en-US\"}]}<\/script>\n<!-- \/ Yoast SEO plugin. -->","yoast_head_json":{"title":"Privacy statement (CA) - GoSeeYou","robots":{"index":"noindex","follow":"nofollow"},"og_locale":"en_US","og_type":"article","og_title":"Privacy statement (CA) - GoSeeYou","og_url":"https:\/\/goseeyou.app\/en\/privacy-statement-ca\/","og_site_name":"GoSeeYou","article_publisher":"https:\/\/www.facebook.com\/goseeyou\/","twitter_card":"summary_large_image","twitter_misc":{"Est. reading time":"8 minutes"},"schema":{"@context":"https:\/\/schema.org","@graph":[{"@type":"WebPage","@id":"https:\/\/goseeyou.app\/en\/privacy-statement-ca\/","url":"https:\/\/goseeyou.app\/en\/privacy-statement-ca\/","name":"Privacy statement (CA) - GoSeeYou","isPartOf":{"@id":"https:\/\/goseeyou.app\/en\/#website"},"datePublished":"2023-10-03T13:00:09+00:00","dateModified":"2023-10-03T13:00:09+00:00","breadcrumb":{"@id":"https:\/\/goseeyou.app\/en\/privacy-statement-ca\/#breadcrumb"},"inLanguage":"en-US","potentialAction":[{"@type":"ReadAction","target":["https:\/\/goseeyou.app\/en\/privacy-statement-ca\/"]}]},{"@type":"BreadcrumbList","@id":"https:\/\/goseeyou.app\/en\/privacy-statement-ca\/#breadcrumb","itemListElement":[{"@type":"ListItem","position":1,"name":"Accueil","item":"https:\/\/goseeyou.app\/en\/"},{"@type":"ListItem","position":2,"name":"Privacy statement (CA)"}]},{"@type":"WebSite","@id":"https:\/\/goseeyou.app\/en\/#website","url":"https:\/\/goseeyou.app\/en\/","name":"GoSeeYou","description":"The ultimate dating app to meet serious singles","potentialAction":[{"@type":"SearchAction","target":{"@type":"EntryPoint","urlTemplate":"https:\/\/goseeyou.app\/en\/?s={search_term_string}"},"query-input":{"@type":"PropertyValueSpecification","valueRequired":true,"valueName":"search_term_string"}}],"inLanguage":"en-US"}]}},"_links":{"self":[{"href":"https:\/\/goseeyou.app\/en\/wp-json\/wp\/v2\/pages\/4561"}],"collection":[{"href":"https:\/\/goseeyou.app\/en\/wp-json\/wp\/v2\/pages"}],"about":[{"href":"https:\/\/goseeyou.app\/en\/wp-json\/wp\/v2\/types\/page"}],"author":[{"embeddable":true,"href":"https:\/\/goseeyou.app\/en\/wp-json\/wp\/v2\/users\/1"}],"replies":[{"embeddable":true,"href":"https:\/\/goseeyou.app\/en\/wp-json\/wp\/v2\/comments?post=4561"}],"version-history":[{"count":2,"href":"https:\/\/goseeyou.app\/en\/wp-json\/wp\/v2\/pages\/4561\/revisions"}],"predecessor-version":[{"id":4563,"href":"https:\/\/goseeyou.app\/en\/wp-json\/wp\/v2\/pages\/4561\/revisions\/4563"}],"wp:attachment":[{"href":"https:\/\/goseeyou.app\/en\/wp-json\/wp\/v2\/media?parent=4561"}],"curies":[{"name":"wp","href":"https:\/\/api.w.org\/{rel}","templated":true}]}}